{"id":395,"date":"2018-05-16T06:34:06","date_gmt":"2018-05-16T06:34:06","guid":{"rendered":"http:\/\/flamboyanfoundation.org\/homepage\/"},"modified":"2025-11-18T16:23:52","modified_gmt":"2025-11-18T16:23:52","slug":"homepage","status":"publish","type":"page","link":"https:\/\/flamboyanfoundation.org\/es\/","title":{"rendered":"P\u00e1gina de inicio"},"content":{"rendered":"","protected":false},"excerpt":{"rendered":"","protected":false},"author":8,"featured_media":0,"parent":0,"menu_order":0,"comment_status":"closed","ping_status":"closed","template":"","meta":{"_acf_changed":false,"footnotes":""},"class_list":["post-395","page","type-page","status-publish","hentry"],"acf":[],"yoast_head":"<!-- This site is optimized with the Yoast SEO Premium plugin v26.7 (Yoast SEO v27.4) - https:\/\/yoast.com\/product\/yoast-seo-premium-wordpress\/ -->\n<title>P\u00e1gina de inicio - Flamboyan<\/title>\n<meta name=\"description\" content=\"En la Fundaci\u00f3n Flamboy\u00e1n, creemos que todos los ni\u00f1os y ni\u00f1as merecen la oportunidad de prosperar. Colaboramos con aliados comunitarios para escribir nuevos futuros para los ni\u00f1os y ni\u00f1as. Trabajamos en Puerto Rico, Washington, DC, y a trav\u00e9s de Estados Unidos para transformar las vidas de los ni\u00f1os y ni\u00f1as \u2013 especialmente de aquellos que pertenecen a comunidades que han sido silenciadas o ignoradas. En Puerto Rico, esto significa asegurarnos de que cada estudiante pueda leer a su nivel al terminar el tercer grado y seguir desarrollando las comunidades art\u00edsticas puertorrique\u00f1as. En DC y a nivel de los Estados Unidos, esto significa cultivar alianzas aut\u00e9nticas y de confianza entre familias y educadores para impulsar el \u00e9xito de los estudiantes.\" \/>\n<meta name=\"robots\" content=\"index, follow, max-snippet:-1, max-image-preview:large, max-video-preview:-1\" \/>\n<link rel=\"canonical\" href=\"https:\/\/flamboyanfoundation.org\/es\/\" \/>\n<meta property=\"og:locale\" content=\"es_ES\" \/>\n<meta property=\"og:type\" content=\"article\" \/>\n<meta property=\"og:title\" content=\"P\u00e1gina de inicio\" \/>\n<meta property=\"og:description\" content=\"En la Fundaci\u00f3n Flamboy\u00e1n, creemos que todos los ni\u00f1os y ni\u00f1as merecen la oportunidad de prosperar. Colaboramos con aliados comunitarios para escribir nuevos futuros para los ni\u00f1os y ni\u00f1as. Trabajamos en Puerto Rico, Washington, DC, y a trav\u00e9s de Estados Unidos para transformar las vidas de los ni\u00f1os y ni\u00f1as \u2013 especialmente de aquellos que pertenecen a comunidades que han sido silenciadas o ignoradas. En Puerto Rico, esto significa asegurarnos de que cada estudiante pueda leer a su nivel al terminar el tercer grado y seguir desarrollando las comunidades art\u00edsticas puertorrique\u00f1as. En DC y a nivel de los Estados Unidos, esto significa cultivar alianzas aut\u00e9nticas y de confianza entre familias y educadores para impulsar el \u00e9xito de los estudiantes.\" \/>\n<meta property=\"og:url\" content=\"https:\/\/flamboyanfoundation.org\/es\/\" \/>\n<meta property=\"og:site_name\" content=\"Flamboyan\" \/>\n<meta property=\"article:publisher\" content=\"https:\/\/www.facebook.com\/flamboyanfoundation\" \/>\n<meta property=\"article:modified_time\" content=\"2025-11-18T16:23:52+00:00\" \/>\n<meta name=\"twitter:card\" content=\"summary_large_image\" \/>\n<meta name=\"twitter:site\" content=\"@FlamboyanFDN\" \/>\n<meta name=\"twitter:label1\" content=\"Tiempo de lectura\" \/>\n\t<meta name=\"twitter:data1\" content=\"5 minutos\" \/>\n<script type=\"application\/ld+json\" class=\"yoast-schema-graph\">{\"@context\":\"https:\\\/\\\/schema.org\",\"@graph\":[{\"@type\":\"WebPage\",\"@id\":\"https:\\\/\\\/flamboyanfoundation.org\\\/es\\\/\",\"url\":\"https:\\\/\\\/flamboyanfoundation.org\\\/es\\\/\",\"name\":\"P\u00e1gina de inicio - Flamboyan\",\"isPartOf\":{\"@id\":\"https:\\\/\\\/flamboyanfoundation.org\\\/#website\"},\"datePublished\":\"2018-05-16T06:34:06+00:00\",\"dateModified\":\"2025-11-18T16:23:52+00:00\",\"description\":\"En la Fundaci\u00f3n Flamboy\u00e1n, creemos que todos los ni\u00f1os y ni\u00f1as merecen la oportunidad de prosperar. Colaboramos con aliados comunitarios para escribir nuevos futuros para los ni\u00f1os y ni\u00f1as. Trabajamos en Puerto Rico, Washington, DC, y a trav\u00e9s de Estados Unidos para transformar las vidas de los ni\u00f1os y ni\u00f1as \u2013 especialmente de aquellos que pertenecen a comunidades que han sido silenciadas o ignoradas. En Puerto Rico, esto significa asegurarnos de que cada estudiante pueda leer a su nivel al terminar el tercer grado y seguir desarrollando las comunidades art\u00edsticas puertorrique\u00f1as. En DC y a nivel de los Estados Unidos, esto significa cultivar alianzas aut\u00e9nticas y de confianza entre familias y educadores para impulsar el \u00e9xito de los estudiantes.\",\"breadcrumb\":{\"@id\":\"https:\\\/\\\/flamboyanfoundation.org\\\/es\\\/#breadcrumb\"},\"inLanguage\":\"es\",\"potentialAction\":[{\"@type\":\"ReadAction\",\"target\":[\"https:\\\/\\\/flamboyanfoundation.org\\\/es\\\/\"]}]},{\"@type\":\"BreadcrumbList\",\"@id\":\"https:\\\/\\\/flamboyanfoundation.org\\\/es\\\/#breadcrumb\",\"itemListElement\":[{\"@type\":\"ListItem\",\"position\":1,\"name\":\"Home\",\"item\":\"https:\\\/\\\/flamboyanfoundation.org\\\/es\\\/\"},{\"@type\":\"ListItem\",\"position\":2,\"name\":\"P\u00e1gina de inicio\"}]},{\"@type\":\"WebSite\",\"@id\":\"https:\\\/\\\/flamboyanfoundation.org\\\/#website\",\"url\":\"https:\\\/\\\/flamboyanfoundation.org\\\/\",\"name\":\"Flamboyan\",\"description\":\"\",\"publisher\":{\"@id\":\"https:\\\/\\\/flamboyanfoundation.org\\\/#organization\"},\"potentialAction\":[{\"@type\":\"SearchAction\",\"target\":{\"@type\":\"EntryPoint\",\"urlTemplate\":\"https:\\\/\\\/flamboyanfoundation.org\\\/?s={search_term_string}\"},\"query-input\":{\"@type\":\"PropertyValueSpecification\",\"valueRequired\":true,\"valueName\":\"search_term_string\"}}],\"inLanguage\":\"es\"},{\"@type\":\"Organization\",\"@id\":\"https:\\\/\\\/flamboyanfoundation.org\\\/#organization\",\"name\":\"Flamboyan Foundation\",\"url\":\"https:\\\/\\\/flamboyanfoundation.org\\\/\",\"logo\":{\"@type\":\"ImageObject\",\"inLanguage\":\"es\",\"@id\":\"https:\\\/\\\/flamboyanfoundation.org\\\/#\\\/schema\\\/logo\\\/image\\\/\",\"url\":\"https:\\\/\\\/flamboyanfoundation.org\\\/wp-content\\\/uploads\\\/2020\\\/01\\\/FF-logo.png\",\"contentUrl\":\"https:\\\/\\\/flamboyanfoundation.org\\\/wp-content\\\/uploads\\\/2020\\\/01\\\/FF-logo.png\",\"width\":258,\"height\":200,\"caption\":\"Flamboyan Foundation\"},\"image\":{\"@id\":\"https:\\\/\\\/flamboyanfoundation.org\\\/#\\\/schema\\\/logo\\\/image\\\/\"},\"sameAs\":[\"https:\\\/\\\/www.facebook.com\\\/flamboyanfoundation\",\"https:\\\/\\\/x.com\\\/FlamboyanFDN\",\"https:\\\/\\\/www.linkedin.com\\\/company\\\/flamboyan-foundation\\\/\",\"https:\\\/\\\/www.youtube.com\\\/user\\\/FlamboyanFoundation\"]}]}<\/script>\n<!-- \/ Yoast SEO Premium plugin. -->","yoast_head_json":{"title":"P\u00e1gina de inicio - Flamboyan","description":"En la Fundaci\u00f3n Flamboy\u00e1n, creemos que todos los ni\u00f1os y ni\u00f1as merecen la oportunidad de prosperar. Colaboramos con aliados comunitarios para escribir nuevos futuros para los ni\u00f1os y ni\u00f1as. Trabajamos en Puerto Rico, Washington, DC, y a trav\u00e9s de Estados Unidos para transformar las vidas de los ni\u00f1os y ni\u00f1as \u2013 especialmente de aquellos que pertenecen a comunidades que han sido silenciadas o ignoradas. En Puerto Rico, esto significa asegurarnos de que cada estudiante pueda leer a su nivel al terminar el tercer grado y seguir desarrollando las comunidades art\u00edsticas puertorrique\u00f1as. En DC y a nivel de los Estados Unidos, esto significa cultivar alianzas aut\u00e9nticas y de confianza entre familias y educadores para impulsar el \u00e9xito de los estudiantes.","robots":{"index":"index","follow":"follow","max-snippet":"max-snippet:-1","max-image-preview":"max-image-preview:large","max-video-preview":"max-video-preview:-1"},"canonical":"https:\/\/flamboyanfoundation.org\/es\/","og_locale":"es_ES","og_type":"article","og_title":"P\u00e1gina de inicio","og_description":"En la Fundaci\u00f3n Flamboy\u00e1n, creemos que todos los ni\u00f1os y ni\u00f1as merecen la oportunidad de prosperar. Colaboramos con aliados comunitarios para escribir nuevos futuros para los ni\u00f1os y ni\u00f1as. Trabajamos en Puerto Rico, Washington, DC, y a trav\u00e9s de Estados Unidos para transformar las vidas de los ni\u00f1os y ni\u00f1as \u2013 especialmente de aquellos que pertenecen a comunidades que han sido silenciadas o ignoradas. En Puerto Rico, esto significa asegurarnos de que cada estudiante pueda leer a su nivel al terminar el tercer grado y seguir desarrollando las comunidades art\u00edsticas puertorrique\u00f1as. En DC y a nivel de los Estados Unidos, esto significa cultivar alianzas aut\u00e9nticas y de confianza entre familias y educadores para impulsar el \u00e9xito de los estudiantes.","og_url":"https:\/\/flamboyanfoundation.org\/es\/","og_site_name":"Flamboyan","article_publisher":"https:\/\/www.facebook.com\/flamboyanfoundation","article_modified_time":"2025-11-18T16:23:52+00:00","twitter_card":"summary_large_image","twitter_site":"@FlamboyanFDN","twitter_misc":{"Tiempo de lectura":"5 minutos"},"schema":{"@context":"https:\/\/schema.org","@graph":[{"@type":"WebPage","@id":"https:\/\/flamboyanfoundation.org\/es\/","url":"https:\/\/flamboyanfoundation.org\/es\/","name":"P\u00e1gina de inicio - Flamboyan","isPartOf":{"@id":"https:\/\/flamboyanfoundation.org\/#website"},"datePublished":"2018-05-16T06:34:06+00:00","dateModified":"2025-11-18T16:23:52+00:00","description":"En la Fundaci\u00f3n Flamboy\u00e1n, creemos que todos los ni\u00f1os y ni\u00f1as merecen la oportunidad de prosperar. Colaboramos con aliados comunitarios para escribir nuevos futuros para los ni\u00f1os y ni\u00f1as. Trabajamos en Puerto Rico, Washington, DC, y a trav\u00e9s de Estados Unidos para transformar las vidas de los ni\u00f1os y ni\u00f1as \u2013 especialmente de aquellos que pertenecen a comunidades que han sido silenciadas o ignoradas. En Puerto Rico, esto significa asegurarnos de que cada estudiante pueda leer a su nivel al terminar el tercer grado y seguir desarrollando las comunidades art\u00edsticas puertorrique\u00f1as. En DC y a nivel de los Estados Unidos, esto significa cultivar alianzas aut\u00e9nticas y de confianza entre familias y educadores para impulsar el \u00e9xito de los estudiantes.","breadcrumb":{"@id":"https:\/\/flamboyanfoundation.org\/es\/#breadcrumb"},"inLanguage":"es","potentialAction":[{"@type":"ReadAction","target":["https:\/\/flamboyanfoundation.org\/es\/"]}]},{"@type":"BreadcrumbList","@id":"https:\/\/flamboyanfoundation.org\/es\/#breadcrumb","itemListElement":[{"@type":"ListItem","position":1,"name":"Home","item":"https:\/\/flamboyanfoundation.org\/es\/"},{"@type":"ListItem","position":2,"name":"P\u00e1gina de inicio"}]},{"@type":"WebSite","@id":"https:\/\/flamboyanfoundation.org\/#website","url":"https:\/\/flamboyanfoundation.org\/","name":"Flamboyan","description":"","publisher":{"@id":"https:\/\/flamboyanfoundation.org\/#organization"},"potentialAction":[{"@type":"SearchAction","target":{"@type":"EntryPoint","urlTemplate":"https:\/\/flamboyanfoundation.org\/?s={search_term_string}"},"query-input":{"@type":"PropertyValueSpecification","valueRequired":true,"valueName":"search_term_string"}}],"inLanguage":"es"},{"@type":"Organization","@id":"https:\/\/flamboyanfoundation.org\/#organization","name":"Flamboyan Foundation","url":"https:\/\/flamboyanfoundation.org\/","logo":{"@type":"ImageObject","inLanguage":"es","@id":"https:\/\/flamboyanfoundation.org\/#\/schema\/logo\/image\/","url":"https:\/\/flamboyanfoundation.org\/wp-content\/uploads\/2020\/01\/FF-logo.png","contentUrl":"https:\/\/flamboyanfoundation.org\/wp-content\/uploads\/2020\/01\/FF-logo.png","width":258,"height":200,"caption":"Flamboyan Foundation"},"image":{"@id":"https:\/\/flamboyanfoundation.org\/#\/schema\/logo\/image\/"},"sameAs":["https:\/\/www.facebook.com\/flamboyanfoundation","https:\/\/x.com\/FlamboyanFDN","https:\/\/www.linkedin.com\/company\/flamboyan-foundation\/","https:\/\/www.youtube.com\/user\/FlamboyanFoundation"]}]}},"_links":{"self":[{"href":"https:\/\/flamboyanfoundation.org\/es\/wp-json\/wp\/v2\/pages\/395","targetHints":{"allow":["GET"]}}],"collection":[{"href":"https:\/\/flamboyanfoundation.org\/es\/wp-json\/wp\/v2\/pages"}],"about":[{"href":"https:\/\/flamboyanfoundation.org\/es\/wp-json\/wp\/v2\/types\/page"}],"author":[{"embeddable":true,"href":"https:\/\/flamboyanfoundation.org\/es\/wp-json\/wp\/v2\/users\/8"}],"replies":[{"embeddable":true,"href":"https:\/\/flamboyanfoundation.org\/es\/wp-json\/wp\/v2\/comments?post=395"}],"version-history":[{"count":0,"href":"https:\/\/flamboyanfoundation.org\/es\/wp-json\/wp\/v2\/pages\/395\/revisions"}],"wp:attachment":[{"href":"https:\/\/flamboyanfoundation.org\/es\/wp-json\/wp\/v2\/media?parent=395"}],"curies":[{"name":"wp","href":"https:\/\/api.w.org\/{rel}","templated":true}]}}